{"id":8,"date":"2021-11-29T10:51:19","date_gmt":"2021-11-29T09:51:19","guid":{"rendered":"http:\/\/baladins.ovh\/?page_id=8"},"modified":"2023-04-19T12:15:46","modified_gmt":"2023-04-19T10:15:46","slug":"contact","status":"publish","type":"page","link":"https:\/\/www.baladins.org\/index.php\/contact\/","title":{"rendered":"Nous contacter"},"content":{"rendered":"\n<div class=\"wp-block-columns is-layout-flex wp-container-core-columns-is-layout-9d6595d7 wp-block-columns-is-layout-flex\">\n<div class=\"wp-block-column is-layout-flow wp-block-column-is-layout-flow\" style=\"flex-basis:100%\">\n<div class=\"wp-block-columns is-layout-flex wp-container-core-columns-is-layout-9d6595d7 wp-block-columns-is-layout-flex\">\n<div class=\"wp-block-column is-layout-flow wp-block-column-is-layout-flow\" style=\"flex-basis:50%\">\n<p class=\"has-text-align-center has-accent-2-color has-text-color has-normal-font-size\"><strong>La Troupe :<\/strong><br><br>Laurent CAUTRU<br>Les Baladins de Marly<br>2 Rue Louis Yvert<br>78160 Marly-le-Roi<br><br>06 84 83 36 71<br>contact@baladins.org<br><\/p>\n<\/div>\n\n\n\n<div class=\"wp-block-column is-layout-flow wp-block-column-is-layout-flow\" style=\"flex-basis:50%\">\n<p class=\"has-text-align-center has-accent-2-color has-text-color\"><strong>L&rsquo;Atelier-Th\u00e9\u00e2tre :<\/strong><br><br>Alice DIQU\u00c9RO<br>Atelier-Th\u00e9\u00e2tre des Baladins<br>8 r\u00e9sidence des pins<br>78160 Marly-le-Roi<br><br>06 63 99 21 92<br>cours-de-theatre@baladins.org<\/p>\n<\/div>\n<\/div>\n<\/div>\n<\/div>\n","protected":false},"excerpt":{"rendered":"<p>La Troupe : Laurent CAUTRULes Baladins de Marly2 Rue Louis Yvert78160 Marly-le-Roi 06 84 83 36 71contact@baladins.org L&rsquo;Atelier-Th\u00e9\u00e2tre : Alice DIQU\u00c9ROAtelier-Th\u00e9\u00e2tre des Baladins8 r\u00e9sidence des &hellip;<\/p>\n","protected":false},"author":1,"featured_media":0,"parent":0,"menu_order":0,"comment_status":"closed","ping_status":"closed","template":"","meta":{"footnotes":""},"class_list":["post-8","page","type-page","status-publish","hentry"],"jetpack_sharing_enabled":true,"_links":{"self":[{"href":"https:\/\/www.baladins.org\/index.php\/wp-json\/wp\/v2\/pages\/8","targetHints":{"allow":["GET"]}}],"collection":[{"href":"https:\/\/www.baladins.org\/index.php\/wp-json\/wp\/v2\/pages"}],"about":[{"href":"https:\/\/www.baladins.org\/index.php\/wp-json\/wp\/v2\/types\/page"}],"author":[{"embeddable":true,"href":"https:\/\/www.baladins.org\/index.php\/wp-json\/wp\/v2\/users\/1"}],"replies":[{"embeddable":true,"href":"https:\/\/www.baladins.org\/index.php\/wp-json\/wp\/v2\/comments?post=8"}],"version-history":[{"count":12,"href":"https:\/\/www.baladins.org\/index.php\/wp-json\/wp\/v2\/pages\/8\/revisions"}],"predecessor-version":[{"id":835,"href":"https:\/\/www.baladins.org\/index.php\/wp-json\/wp\/v2\/pages\/8\/revisions\/835"}],"wp:attachment":[{"href":"https:\/\/www.baladins.org\/index.php\/wp-json\/wp\/v2\/media?parent=8"}],"curies":[{"name":"wp","href":"https:\/\/api.w.org\/{rel}","templated":true}]}}